{"id":3,"date":"2021-02-16T16:56:55","date_gmt":"2021-02-16T19:56:55","guid":{"rendered":"https:\/\/elegancestorearacatuba.com.br\/?page_id=3"},"modified":"2021-02-16T20:04:22","modified_gmt":"2021-02-16T23:04:22","slug":"politica-de-privacidade","status":"publish","type":"page","link":"https:\/\/elegancestorearacatuba.com.br\/index.php\/politica-de-privacidade\/","title":{"rendered":"Pol\u00edtica de Privacidade e Seguran\u00e7a"},"content":{"rendered":"\n<p>A&nbsp;Elegance&nbsp;Store&nbsp;respeita e preza pela privacidade de toda sua intera\u00e7\u00e3o por meio do endere\u00e7o www.elegancestorearacatuba.com.br.<\/p>\n\n\n\n<p>A Pol\u00edtica de Privacidade possui o intuito de que os usu\u00e1rios tenham conhecimento de como a&nbsp;EleganceStore&nbsp;gerencia as informa\u00e7\u00f5es coletadas, possuindo o comprometimento de manter em total seguran\u00e7a e sigilo.<\/p>\n\n\n\n<p>Com o objetivo de tornar sua intera\u00e7\u00e3o ainda melhor, a&nbsp;Elegance&nbsp;Store&nbsp;realiza a coleta de alguns dados importantes para serem utilizados em seu cadastro.<\/p>\n\n\n\n<p>Os dados cadastrais fornecidos pelo usu\u00e1rio em nosso site ser\u00e3o registrados e armazenados em nosso banco de dados de forma automatizada, garantindo o sigilo de todas as informa\u00e7\u00f5es.<\/p>\n\n\n\n<p>O uso do CPF, RG e\/ou CNPJ e IE s\u00e3o exigidos por lei para a emiss\u00e3o de notas fiscais e para o envio das mercadorias compradas.<\/p>\n\n\n\n<p>Este site possui o sistema de pagamento do&nbsp;PagSeguro (Grupo Uol). Quando o usu\u00e1rio efetua uma compra e escolhe a forma de&nbsp;pagamente&nbsp;via boleto ou cart\u00e3o,&nbsp;o mesmo&nbsp;\u00e9 direcionado para o site da&nbsp;PagSeguro&nbsp;para realizar o pagamento, os n\u00fameros de cart\u00f5es de cr\u00e9dito fornecidos ser\u00e3o registrados&nbsp;diretamente no banco de dados da administradora do&nbsp;Pag&nbsp;Seguro, ao receber os dados do cart\u00e3o, a administradora \u00e9 respons\u00e1vel pela verifica\u00e7\u00e3o da transa\u00e7\u00e3o&nbsp;on&nbsp;line, ocasi\u00e3o que informar\u00e1&nbsp;ao&nbsp;usu\u00e1rio se a compra foi aprovada ou n\u00e3o.<\/p>\n\n\n\n<p>Em nenhum momento guardamos o c\u00f3digo de seguran\u00e7a do cart\u00e3o \u2013 nem o site&nbsp;Elegance&nbsp;Store, nem a&nbsp;Pag&nbsp;Seguro.<\/p>\n\n\n\n<p>A&nbsp;Pag&nbsp;Seguro possui a certifica\u00e7\u00e3o PCI (Padr\u00e3o de seguran\u00e7a de dados para as ind\u00fastrias de cart\u00f5es de pagamento). Todos os dados dos usu\u00e1rios s\u00e3o&nbsp;criptografadas e mantidas&nbsp;em sigilo em servidores seguros.<\/p>\n\n\n\n<p>Criptografia \u00e9 o nome dado ao processo de codifica\u00e7\u00e3o de informa\u00e7\u00f5es, onde as informa\u00e7\u00f5es s\u00e3o codificadas (embaralhadas) na origem e decodificadas no destino, dificultando que sejam decifradas durante o tr\u00e1fego na internet.<\/p>\n\n\n\n<p>A&nbsp;Elegance&nbsp;Store&nbsp;Cal\u00e7ados respeita o sigilo e seguran\u00e7a de suas informa\u00e7\u00f5es por isso sempre realiza investimentos em tecnologias avan\u00e7adas de prote\u00e7\u00e3o, utilizamos&nbsp;o certificado SSL (SecureSockets&nbsp;Layer), um sistema de codifica\u00e7\u00e3o que&nbsp;autentica&nbsp;a identidade do site e encripta as informa\u00e7\u00f5es enviadas ao servidor. A seguran\u00e7a no&nbsp;trafego&nbsp;de dados desse site segue os padr\u00f5es da internet.<\/p>\n\n\n\n<p>Ainda assim, o usu\u00e1rio deve estar ciente de que as medidas de seguran\u00e7a relativas \u00e0 internet n\u00e3o s\u00e3o integralmente infal\u00edveis. Todas as informa\u00e7\u00f5es fornecidas por&nbsp;voc\u00ea em nosso site ser\u00e3o exclusivamente utilizadas para o procedimento de compra.&nbsp;<\/p>\n\n\n\n<p>Para mais informa\u00e7\u00f5es do&nbsp;Pag&nbsp;Seguro, acesse:&nbsp;https:\/\/pagseguro.uol.com.br<\/p>\n\n\n\n<p>O usu\u00e1rio deve sempre manter-se atento para proteger as suas informa\u00e7\u00f5es.<\/p>\n\n\n\n<p>Recomendamos que n\u00e3o utilize senhas f\u00e1ceis e \u00f3bvias e nunca compartilhe com terceiros. Ao utilizar o site em computadores p\u00fablicos, \u00e9 sempre importante certificar-se de que foi encerrado o seu login.<\/p>\n\n\n\n<p>Sempre utilizar softwares originais e mant\u00ea-los atualizados, principalmente programas de antiv\u00edrus, evitando invas\u00f5es e roubos de informa\u00e7\u00f5es.<\/p>\n\n\n\n<p>Ao se cadastrar no site, o usu\u00e1rio est\u00e1 de acordo com as Pol\u00edticas de Privacidade aqui propostas.<\/p>\n\n\n\n<p>Qualquer d\u00favida entrar em contato atrav\u00e9s dos nossos canais de atendimento.<\/p>\n","protected":false},"excerpt":{"rendered":"<p>A&nbsp;Elegance&nbsp;Store&nbsp;respeita e preza pela privacidade de toda sua intera\u00e7\u00e3o por meio do endere\u00e7o www.elegancestorearacatuba.com.br. A Pol\u00edtica de Privacidade possui o<\/p>\n","protected":false},"author":1,"featured_media":0,"parent":0,"menu_order":0,"comment_status":"closed","ping_status":"open","template":"","meta":{"footnotes":""},"class_list":["post-3","page","type-page","status-publish","hentry"],"yoast_head":"<!-- This site is optimized with the Yoast SEO plugin v27.5 - https:\/\/yoast.com\/product\/yoast-seo-wordpress\/ -->\n<title>Pol\u00edtica de Privacidade e Seguran\u00e7a - Elegance Store<\/title>\n<meta name=\"robots\" content=\"index, follow, max-snippet:-1, max-image-preview:large, max-video-preview:-1\" \/>\n<link rel=\"canonical\" href=\"https:\/\/elegancestorearacatuba.com.br\/index.php\/politica-de-privacidade\/\" \/>\n<meta property=\"og:locale\" content=\"pt_BR\" \/>\n<meta property=\"og:type\" content=\"article\" \/>\n<meta property=\"og:title\" content=\"Pol\u00edtica de Privacidade e Seguran\u00e7a - Elegance Store\" \/>\n<meta property=\"og:description\" content=\"A&nbsp;Elegance&nbsp;Store&nbsp;respeita e preza pela privacidade de toda sua intera\u00e7\u00e3o por meio do endere\u00e7o www.elegancestorearacatuba.com.br. A Pol\u00edtica de Privacidade possui o\" \/>\n<meta property=\"og:url\" content=\"https:\/\/elegancestorearacatuba.com.br\/index.php\/politica-de-privacidade\/\" \/>\n<meta property=\"og:site_name\" content=\"Elegance Store\" \/>\n<meta property=\"article:publisher\" content=\"https:\/\/www.facebook.com\/elegancestorearacatuba\/\" \/>\n<meta property=\"article:modified_time\" content=\"2021-02-16T23:04:22+00:00\" \/>\n<meta name=\"twitter:card\" content=\"summary_large_image\" \/>\n<meta name=\"twitter:label1\" content=\"Est. tempo de leitura\" \/>\n\t<meta name=\"twitter:data1\" content=\"3 minutos\" \/>\n<script type=\"application\/ld+json\" class=\"yoast-schema-graph\">{\"@context\":\"https:\\\/\\\/schema.org\",\"@graph\":[{\"@type\":\"WebPage\",\"@id\":\"https:\\\/\\\/elegancestorearacatuba.com.br\\\/index.php\\\/politica-de-privacidade\\\/\",\"url\":\"https:\\\/\\\/elegancestorearacatuba.com.br\\\/index.php\\\/politica-de-privacidade\\\/\",\"name\":\"Pol\u00edtica de Privacidade e Seguran\u00e7a - Elegance Store\",\"isPartOf\":{\"@id\":\"https:\\\/\\\/elegancestorearacatuba.com.br\\\/#website\"},\"datePublished\":\"2021-02-16T19:56:55+00:00\",\"dateModified\":\"2021-02-16T23:04:22+00:00\",\"breadcrumb\":{\"@id\":\"https:\\\/\\\/elegancestorearacatuba.com.br\\\/index.php\\\/politica-de-privacidade\\\/#breadcrumb\"},\"inLanguage\":\"pt-BR\",\"potentialAction\":[{\"@type\":\"ReadAction\",\"target\":[\"https:\\\/\\\/elegancestorearacatuba.com.br\\\/index.php\\\/politica-de-privacidade\\\/\"]}]},{\"@type\":\"BreadcrumbList\",\"@id\":\"https:\\\/\\\/elegancestorearacatuba.com.br\\\/index.php\\\/politica-de-privacidade\\\/#breadcrumb\",\"itemListElement\":[{\"@type\":\"ListItem\",\"position\":1,\"name\":\"In\u00edcio\",\"item\":\"https:\\\/\\\/elegancestorearacatuba.com.br\\\/\"},{\"@type\":\"ListItem\",\"position\":2,\"name\":\"Pol\u00edtica de Privacidade e Seguran\u00e7a\"}]},{\"@type\":\"WebSite\",\"@id\":\"https:\\\/\\\/elegancestorearacatuba.com.br\\\/#website\",\"url\":\"https:\\\/\\\/elegancestorearacatuba.com.br\\\/\",\"name\":\"Elegance Store Ara\u00e7atuba\",\"description\":\"Do cl\u00e1ssico ao moderno com a qualidade da elegance\",\"publisher\":{\"@id\":\"https:\\\/\\\/elegancestorearacatuba.com.br\\\/#organization\"},\"potentialAction\":[{\"@type\":\"SearchAction\",\"target\":{\"@type\":\"EntryPoint\",\"urlTemplate\":\"https:\\\/\\\/elegancestorearacatuba.com.br\\\/?s={search_term_string}\"},\"query-input\":{\"@type\":\"PropertyValueSpecification\",\"valueRequired\":true,\"valueName\":\"search_term_string\"}}],\"inLanguage\":\"pt-BR\"},{\"@type\":\"Organization\",\"@id\":\"https:\\\/\\\/elegancestorearacatuba.com.br\\\/#organization\",\"name\":\"Elegance Store\",\"url\":\"https:\\\/\\\/elegancestorearacatuba.com.br\\\/\",\"logo\":{\"@type\":\"ImageObject\",\"inLanguage\":\"pt-BR\",\"@id\":\"https:\\\/\\\/elegancestorearacatuba.com.br\\\/#\\\/schema\\\/logo\\\/image\\\/\",\"url\":\"https:\\\/\\\/elegancestorearacatuba.com.br\\\/wp-content\\\/uploads\\\/2021\\\/02\\\/PHOTO-2020-12-05-10-47-49.jpg\",\"contentUrl\":\"https:\\\/\\\/elegancestorearacatuba.com.br\\\/wp-content\\\/uploads\\\/2021\\\/02\\\/PHOTO-2020-12-05-10-47-49.jpg\",\"width\":1240,\"height\":678,\"caption\":\"Elegance Store\"},\"image\":{\"@id\":\"https:\\\/\\\/elegancestorearacatuba.com.br\\\/#\\\/schema\\\/logo\\\/image\\\/\"},\"sameAs\":[\"https:\\\/\\\/www.facebook.com\\\/elegancestorearacatuba\\\/\",\"https:\\\/\\\/www.instagram.com\\\/elegancestorearacatuba\\\/\"]}]}<\/script>\n<!-- \/ Yoast SEO plugin. -->","yoast_head_json":{"title":"Pol\u00edtica de Privacidade e Seguran\u00e7a - Elegance Store","robots":{"index":"index","follow":"follow","max-snippet":"max-snippet:-1","max-image-preview":"max-image-preview:large","max-video-preview":"max-video-preview:-1"},"canonical":"https:\/\/elegancestorearacatuba.com.br\/index.php\/politica-de-privacidade\/","og_locale":"pt_BR","og_type":"article","og_title":"Pol\u00edtica de Privacidade e Seguran\u00e7a - Elegance Store","og_description":"A&nbsp;Elegance&nbsp;Store&nbsp;respeita e preza pela privacidade de toda sua intera\u00e7\u00e3o por meio do endere\u00e7o www.elegancestorearacatuba.com.br. A Pol\u00edtica de Privacidade possui o","og_url":"https:\/\/elegancestorearacatuba.com.br\/index.php\/politica-de-privacidade\/","og_site_name":"Elegance Store","article_publisher":"https:\/\/www.facebook.com\/elegancestorearacatuba\/","article_modified_time":"2021-02-16T23:04:22+00:00","twitter_card":"summary_large_image","twitter_misc":{"Est. tempo de leitura":"3 minutos"},"schema":{"@context":"https:\/\/schema.org","@graph":[{"@type":"WebPage","@id":"https:\/\/elegancestorearacatuba.com.br\/index.php\/politica-de-privacidade\/","url":"https:\/\/elegancestorearacatuba.com.br\/index.php\/politica-de-privacidade\/","name":"Pol\u00edtica de Privacidade e Seguran\u00e7a - Elegance Store","isPartOf":{"@id":"https:\/\/elegancestorearacatuba.com.br\/#website"},"datePublished":"2021-02-16T19:56:55+00:00","dateModified":"2021-02-16T23:04:22+00:00","breadcrumb":{"@id":"https:\/\/elegancestorearacatuba.com.br\/index.php\/politica-de-privacidade\/#breadcrumb"},"inLanguage":"pt-BR","potentialAction":[{"@type":"ReadAction","target":["https:\/\/elegancestorearacatuba.com.br\/index.php\/politica-de-privacidade\/"]}]},{"@type":"BreadcrumbList","@id":"https:\/\/elegancestorearacatuba.com.br\/index.php\/politica-de-privacidade\/#breadcrumb","itemListElement":[{"@type":"ListItem","position":1,"name":"In\u00edcio","item":"https:\/\/elegancestorearacatuba.com.br\/"},{"@type":"ListItem","position":2,"name":"Pol\u00edtica de Privacidade e Seguran\u00e7a"}]},{"@type":"WebSite","@id":"https:\/\/elegancestorearacatuba.com.br\/#website","url":"https:\/\/elegancestorearacatuba.com.br\/","name":"Elegance Store Ara\u00e7atuba","description":"Do cl\u00e1ssico ao moderno com a qualidade da elegance","publisher":{"@id":"https:\/\/elegancestorearacatuba.com.br\/#organization"},"potentialAction":[{"@type":"SearchAction","target":{"@type":"EntryPoint","urlTemplate":"https:\/\/elegancestorearacatuba.com.br\/?s={search_term_string}"},"query-input":{"@type":"PropertyValueSpecification","valueRequired":true,"valueName":"search_term_string"}}],"inLanguage":"pt-BR"},{"@type":"Organization","@id":"https:\/\/elegancestorearacatuba.com.br\/#organization","name":"Elegance Store","url":"https:\/\/elegancestorearacatuba.com.br\/","logo":{"@type":"ImageObject","inLanguage":"pt-BR","@id":"https:\/\/elegancestorearacatuba.com.br\/#\/schema\/logo\/image\/","url":"https:\/\/elegancestorearacatuba.com.br\/wp-content\/uploads\/2021\/02\/PHOTO-2020-12-05-10-47-49.jpg","contentUrl":"https:\/\/elegancestorearacatuba.com.br\/wp-content\/uploads\/2021\/02\/PHOTO-2020-12-05-10-47-49.jpg","width":1240,"height":678,"caption":"Elegance Store"},"image":{"@id":"https:\/\/elegancestorearacatuba.com.br\/#\/schema\/logo\/image\/"},"sameAs":["https:\/\/www.facebook.com\/elegancestorearacatuba\/","https:\/\/www.instagram.com\/elegancestorearacatuba\/"]}]}},"jetpack_sharing_enabled":true,"_links":{"self":[{"href":"https:\/\/elegancestorearacatuba.com.br\/index.php\/wp-json\/wp\/v2\/pages\/3","targetHints":{"allow":["GET"]}}],"collection":[{"href":"https:\/\/elegancestorearacatuba.com.br\/index.php\/wp-json\/wp\/v2\/pages"}],"about":[{"href":"https:\/\/elegancestorearacatuba.com.br\/index.php\/wp-json\/wp\/v2\/types\/page"}],"author":[{"embeddable":true,"href":"https:\/\/elegancestorearacatuba.com.br\/index.php\/wp-json\/wp\/v2\/users\/1"}],"replies":[{"embeddable":true,"href":"https:\/\/elegancestorearacatuba.com.br\/index.php\/wp-json\/wp\/v2\/comments?post=3"}],"version-history":[{"count":1,"href":"https:\/\/elegancestorearacatuba.com.br\/index.php\/wp-json\/wp\/v2\/pages\/3\/revisions"}],"predecessor-version":[{"id":7186,"href":"https:\/\/elegancestorearacatuba.com.br\/index.php\/wp-json\/wp\/v2\/pages\/3\/revisions\/7186"}],"wp:attachment":[{"href":"https:\/\/elegancestorearacatuba.com.br\/index.php\/wp-json\/wp\/v2\/media?parent=3"}],"curies":[{"name":"wp","href":"https:\/\/api.w.org\/{rel}","templated":true}]}}