{"id":7189,"date":"2021-02-17T10:36:03","date_gmt":"2021-02-17T13:36:03","guid":{"rendered":"https:\/\/elegancestorearacatuba.com.br\/?page_id=7189"},"modified":"2021-02-17T10:36:04","modified_gmt":"2021-02-17T13:36:04","slug":"quem-somos","status":"publish","type":"page","link":"https:\/\/elegancestorearacatuba.com.br\/index.php\/quem-somos\/","title":{"rendered":"Quem Somos"},"content":{"rendered":"\n<p><strong>Sobre a Marca<\/strong><\/p>\n\n\n\n<p>Fundada em 2019&nbsp;pelo empres\u00e1rio Caio&nbsp;Mattheusde Oliveira&nbsp;como uma loja de varejo tradicional em&nbsp;Ara\u00e7atuba\/SP.&nbsp; Tinha como objetivo principal oferecer produtos com alta qualidade, pre\u00e7o justo e conceito moderno.<\/p>\n\n\n\n<p>A consolida\u00e7\u00e3o da marca veio com a expans\u00e3o em sua \u00e1rea de atua\u00e7\u00e3o, atendendo atacadistas da regi\u00e3o&nbsp;e a utiliza\u00e7\u00e3o de redes sociais, que aumentaram exponencialmente a visibilidade da marca e de nossos produtos.&nbsp;<\/p>\n\n\n\n<p>A&nbsp;Elegance&nbsp;Store Cal\u00e7ados&nbsp;vem ocupando o seu espa\u00e7o nas vendas de cal\u00e7ados femininos, se destacando pela qualidade dos produtos e servi\u00e7os, inova\u00e7\u00e3o e dedica\u00e7\u00e3o ao neg\u00f3cio. Contando com amplas linhas de produtos que conseguem alcan\u00e7ar todos os tipos de p\u00fablicos.&nbsp;<\/p>\n\n\n\n<p>Atualmente a empresa possui uma unidade de varejo em&nbsp;Ara\u00e7atuba.&nbsp;<\/p>\n","protected":false},"excerpt":{"rendered":"<p>Sobre a Marca Fundada em 2019&nbsp;pelo empres\u00e1rio Caio&nbsp;Mattheusde Oliveira&nbsp;como uma loja de varejo tradicional em&nbsp;Ara\u00e7atuba\/SP.&nbsp; Tinha como objetivo principal oferecer<\/p>\n","protected":false},"author":1,"featured_media":0,"parent":0,"menu_order":0,"comment_status":"closed","ping_status":"closed","template":"","meta":{"footnotes":""},"class_list":["post-7189","page","type-page","status-publish","hentry"],"yoast_head":"<!-- This site is optimized with the Yoast SEO plugin v27.6 - https:\/\/yoast.com\/product\/yoast-seo-wordpress\/ -->\n<title>Quem Somos - Elegance Store<\/title>\n<meta name=\"robots\" content=\"index, follow, max-snippet:-1, max-image-preview:large, max-video-preview:-1\" \/>\n<link rel=\"canonical\" href=\"https:\/\/elegancestorearacatuba.com.br\/index.php\/quem-somos\/\" \/>\n<meta property=\"og:locale\" content=\"pt_BR\" \/>\n<meta property=\"og:type\" content=\"article\" \/>\n<meta property=\"og:title\" content=\"Quem Somos - Elegance Store\" \/>\n<meta property=\"og:description\" content=\"Sobre a Marca Fundada em 2019&nbsp;pelo empres\u00e1rio Caio&nbsp;Mattheusde Oliveira&nbsp;como uma loja de varejo tradicional em&nbsp;Ara\u00e7atuba\/SP.&nbsp; Tinha como objetivo principal oferecer\" \/>\n<meta property=\"og:url\" content=\"https:\/\/elegancestorearacatuba.com.br\/index.php\/quem-somos\/\" \/>\n<meta property=\"og:site_name\" content=\"Elegance Store\" \/>\n<meta property=\"article:publisher\" content=\"https:\/\/www.facebook.com\/elegancestorearacatuba\/\" \/>\n<meta property=\"article:modified_time\" content=\"2021-02-17T13:36:04+00:00\" \/>\n<meta name=\"twitter:card\" content=\"summary_large_image\" \/>\n<meta name=\"twitter:label1\" content=\"Est. tempo de leitura\" \/>\n\t<meta name=\"twitter:data1\" content=\"1 minuto\" \/>\n<script type=\"application\/ld+json\" class=\"yoast-schema-graph\">{\"@context\":\"https:\\\/\\\/schema.org\",\"@graph\":[{\"@type\":\"WebPage\",\"@id\":\"https:\\\/\\\/elegancestorearacatuba.com.br\\\/index.php\\\/quem-somos\\\/\",\"url\":\"https:\\\/\\\/elegancestorearacatuba.com.br\\\/index.php\\\/quem-somos\\\/\",\"name\":\"Quem Somos - Elegance Store\",\"isPartOf\":{\"@id\":\"https:\\\/\\\/elegancestorearacatuba.com.br\\\/#website\"},\"datePublished\":\"2021-02-17T13:36:03+00:00\",\"dateModified\":\"2021-02-17T13:36:04+00:00\",\"breadcrumb\":{\"@id\":\"https:\\\/\\\/elegancestorearacatuba.com.br\\\/index.php\\\/quem-somos\\\/#breadcrumb\"},\"inLanguage\":\"pt-BR\",\"potentialAction\":[{\"@type\":\"ReadAction\",\"target\":[\"https:\\\/\\\/elegancestorearacatuba.com.br\\\/index.php\\\/quem-somos\\\/\"]}]},{\"@type\":\"BreadcrumbList\",\"@id\":\"https:\\\/\\\/elegancestorearacatuba.com.br\\\/index.php\\\/quem-somos\\\/#breadcrumb\",\"itemListElement\":[{\"@type\":\"ListItem\",\"position\":1,\"name\":\"In\u00edcio\",\"item\":\"https:\\\/\\\/elegancestorearacatuba.com.br\\\/\"},{\"@type\":\"ListItem\",\"position\":2,\"name\":\"Quem Somos\"}]},{\"@type\":\"WebSite\",\"@id\":\"https:\\\/\\\/elegancestorearacatuba.com.br\\\/#website\",\"url\":\"https:\\\/\\\/elegancestorearacatuba.com.br\\\/\",\"name\":\"Elegance Store Ara\u00e7atuba\",\"description\":\"Do cl\u00e1ssico ao moderno com a qualidade da elegance\",\"publisher\":{\"@id\":\"https:\\\/\\\/elegancestorearacatuba.com.br\\\/#organization\"},\"potentialAction\":[{\"@type\":\"SearchAction\",\"target\":{\"@type\":\"EntryPoint\",\"urlTemplate\":\"https:\\\/\\\/elegancestorearacatuba.com.br\\\/?s={search_term_string}\"},\"query-input\":{\"@type\":\"PropertyValueSpecification\",\"valueRequired\":true,\"valueName\":\"search_term_string\"}}],\"inLanguage\":\"pt-BR\"},{\"@type\":\"Organization\",\"@id\":\"https:\\\/\\\/elegancestorearacatuba.com.br\\\/#organization\",\"name\":\"Elegance Store\",\"url\":\"https:\\\/\\\/elegancestorearacatuba.com.br\\\/\",\"logo\":{\"@type\":\"ImageObject\",\"inLanguage\":\"pt-BR\",\"@id\":\"https:\\\/\\\/elegancestorearacatuba.com.br\\\/#\\\/schema\\\/logo\\\/image\\\/\",\"url\":\"https:\\\/\\\/elegancestorearacatuba.com.br\\\/wp-content\\\/uploads\\\/2021\\\/02\\\/PHOTO-2020-12-05-10-47-49.jpg\",\"contentUrl\":\"https:\\\/\\\/elegancestorearacatuba.com.br\\\/wp-content\\\/uploads\\\/2021\\\/02\\\/PHOTO-2020-12-05-10-47-49.jpg\",\"width\":1240,\"height\":678,\"caption\":\"Elegance Store\"},\"image\":{\"@id\":\"https:\\\/\\\/elegancestorearacatuba.com.br\\\/#\\\/schema\\\/logo\\\/image\\\/\"},\"sameAs\":[\"https:\\\/\\\/www.facebook.com\\\/elegancestorearacatuba\\\/\",\"https:\\\/\\\/www.instagram.com\\\/elegancestorearacatuba\\\/\"]}]}<\/script>\n<!-- \/ Yoast SEO plugin. -->","yoast_head_json":{"title":"Quem Somos - Elegance Store","robots":{"index":"index","follow":"follow","max-snippet":"max-snippet:-1","max-image-preview":"max-image-preview:large","max-video-preview":"max-video-preview:-1"},"canonical":"https:\/\/elegancestorearacatuba.com.br\/index.php\/quem-somos\/","og_locale":"pt_BR","og_type":"article","og_title":"Quem Somos - Elegance Store","og_description":"Sobre a Marca Fundada em 2019&nbsp;pelo empres\u00e1rio Caio&nbsp;Mattheusde Oliveira&nbsp;como uma loja de varejo tradicional em&nbsp;Ara\u00e7atuba\/SP.&nbsp; Tinha como objetivo principal oferecer","og_url":"https:\/\/elegancestorearacatuba.com.br\/index.php\/quem-somos\/","og_site_name":"Elegance Store","article_publisher":"https:\/\/www.facebook.com\/elegancestorearacatuba\/","article_modified_time":"2021-02-17T13:36:04+00:00","twitter_card":"summary_large_image","twitter_misc":{"Est. tempo de leitura":"1 minuto"},"schema":{"@context":"https:\/\/schema.org","@graph":[{"@type":"WebPage","@id":"https:\/\/elegancestorearacatuba.com.br\/index.php\/quem-somos\/","url":"https:\/\/elegancestorearacatuba.com.br\/index.php\/quem-somos\/","name":"Quem Somos - Elegance Store","isPartOf":{"@id":"https:\/\/elegancestorearacatuba.com.br\/#website"},"datePublished":"2021-02-17T13:36:03+00:00","dateModified":"2021-02-17T13:36:04+00:00","breadcrumb":{"@id":"https:\/\/elegancestorearacatuba.com.br\/index.php\/quem-somos\/#breadcrumb"},"inLanguage":"pt-BR","potentialAction":[{"@type":"ReadAction","target":["https:\/\/elegancestorearacatuba.com.br\/index.php\/quem-somos\/"]}]},{"@type":"BreadcrumbList","@id":"https:\/\/elegancestorearacatuba.com.br\/index.php\/quem-somos\/#breadcrumb","itemListElement":[{"@type":"ListItem","position":1,"name":"In\u00edcio","item":"https:\/\/elegancestorearacatuba.com.br\/"},{"@type":"ListItem","position":2,"name":"Quem Somos"}]},{"@type":"WebSite","@id":"https:\/\/elegancestorearacatuba.com.br\/#website","url":"https:\/\/elegancestorearacatuba.com.br\/","name":"Elegance Store Ara\u00e7atuba","description":"Do cl\u00e1ssico ao moderno com a qualidade da elegance","publisher":{"@id":"https:\/\/elegancestorearacatuba.com.br\/#organization"},"potentialAction":[{"@type":"SearchAction","target":{"@type":"EntryPoint","urlTemplate":"https:\/\/elegancestorearacatuba.com.br\/?s={search_term_string}"},"query-input":{"@type":"PropertyValueSpecification","valueRequired":true,"valueName":"search_term_string"}}],"inLanguage":"pt-BR"},{"@type":"Organization","@id":"https:\/\/elegancestorearacatuba.com.br\/#organization","name":"Elegance Store","url":"https:\/\/elegancestorearacatuba.com.br\/","logo":{"@type":"ImageObject","inLanguage":"pt-BR","@id":"https:\/\/elegancestorearacatuba.com.br\/#\/schema\/logo\/image\/","url":"https:\/\/elegancestorearacatuba.com.br\/wp-content\/uploads\/2021\/02\/PHOTO-2020-12-05-10-47-49.jpg","contentUrl":"https:\/\/elegancestorearacatuba.com.br\/wp-content\/uploads\/2021\/02\/PHOTO-2020-12-05-10-47-49.jpg","width":1240,"height":678,"caption":"Elegance Store"},"image":{"@id":"https:\/\/elegancestorearacatuba.com.br\/#\/schema\/logo\/image\/"},"sameAs":["https:\/\/www.facebook.com\/elegancestorearacatuba\/","https:\/\/www.instagram.com\/elegancestorearacatuba\/"]}]}},"jetpack_sharing_enabled":true,"_links":{"self":[{"href":"https:\/\/elegancestorearacatuba.com.br\/index.php\/wp-json\/wp\/v2\/pages\/7189","targetHints":{"allow":["GET"]}}],"collection":[{"href":"https:\/\/elegancestorearacatuba.com.br\/index.php\/wp-json\/wp\/v2\/pages"}],"about":[{"href":"https:\/\/elegancestorearacatuba.com.br\/index.php\/wp-json\/wp\/v2\/types\/page"}],"author":[{"embeddable":true,"href":"https:\/\/elegancestorearacatuba.com.br\/index.php\/wp-json\/wp\/v2\/users\/1"}],"replies":[{"embeddable":true,"href":"https:\/\/elegancestorearacatuba.com.br\/index.php\/wp-json\/wp\/v2\/comments?post=7189"}],"version-history":[{"count":1,"href":"https:\/\/elegancestorearacatuba.com.br\/index.php\/wp-json\/wp\/v2\/pages\/7189\/revisions"}],"predecessor-version":[{"id":7190,"href":"https:\/\/elegancestorearacatuba.com.br\/index.php\/wp-json\/wp\/v2\/pages\/7189\/revisions\/7190"}],"wp:attachment":[{"href":"https:\/\/elegancestorearacatuba.com.br\/index.php\/wp-json\/wp\/v2\/media?parent=7189"}],"curies":[{"name":"wp","href":"https:\/\/api.w.org\/{rel}","templated":true}]}}