{"id":22472,"date":"2025-04-15T11:51:47","date_gmt":"2025-04-15T14:51:47","guid":{"rendered":"https:\/\/elegancestorearacatuba.com.br\/?post_type=product&#038;p=22472"},"modified":"2026-02-19T14:37:12","modified_gmt":"2026-02-19T17:37:12","slug":"sandalia-clarice-branca","status":"publish","type":"product","link":"https:\/\/elegancestorearacatuba.com.br\/index.php\/product\/sandalia-clarice-branca\/","title":{"rendered":"SANDALIA CLARICE BRANCA"},"content":{"rendered":"<p>Branca, confort\u00e1vel, macia e cheia de estilo a sand\u00e1lia que abra\u00e7a seus p\u00e9s e eleva seu look! Porque conforto e eleg\u00e2ncia caminham juntos.<\/p>\n","protected":false},"excerpt":{"rendered":"<p>Branca, confort\u00e1vel, macia e cheia de estilo a sand\u00e1lia que abra\u00e7a seus p\u00e9s e eleva seu look! Porque conforto e<\/p>\n","protected":false},"featured_media":22480,"comment_status":"open","ping_status":"closed","template":"","meta":[],"product_brand":[],"product_cat":[111],"product_tag":[],"class_list":{"0":"post-22472","1":"product","2":"type-product","3":"status-publish","4":"has-post-thumbnail","6":"product_cat-sandalia","8":"first","9":"instock","10":"shipping-taxable","11":"purchasable","12":"product-type-variable"},"yoast_head":"<!-- This site is optimized with the Yoast SEO plugin v27.3 - https:\/\/yoast.com\/product\/yoast-seo-wordpress\/ -->\n<title>SANDALIA CLARICE BRANCA - Elegance Store<\/title>\n<meta name=\"robots\" content=\"index, follow, max-snippet:-1, max-image-preview:large, max-video-preview:-1\" \/>\n<link rel=\"canonical\" href=\"https:\/\/elegancestorearacatuba.com.br\/index.php\/product\/sandalia-clarice-branca\/\" \/>\n<meta property=\"og:locale\" content=\"pt_BR\" \/>\n<meta property=\"og:type\" content=\"article\" \/>\n<meta property=\"og:title\" content=\"SANDALIA CLARICE BRANCA - Elegance Store\" \/>\n<meta property=\"og:description\" content=\"Branca, confort\u00e1vel, macia e cheia de estilo a sand\u00e1lia que abra\u00e7a seus p\u00e9s e eleva seu look! Porque conforto e\" \/>\n<meta property=\"og:url\" content=\"https:\/\/elegancestorearacatuba.com.br\/index.php\/product\/sandalia-clarice-branca\/\" \/>\n<meta property=\"og:site_name\" content=\"Elegance Store\" \/>\n<meta property=\"article:publisher\" content=\"https:\/\/www.facebook.com\/elegancestorearacatuba\/\" \/>\n<meta property=\"article:modified_time\" content=\"2026-02-19T17:37:12+00:00\" \/>\n<meta property=\"og:image\" content=\"https:\/\/elegancestorearacatuba.com.br\/wp-content\/uploads\/2025\/04\/WhatsApp-Image-2025-04-11-at-12.27.41.jpeg\" \/>\n\t<meta property=\"og:image:width\" content=\"1200\" \/>\n\t<meta property=\"og:image:height\" content=\"1600\" \/>\n\t<meta property=\"og:image:type\" content=\"image\/jpeg\" \/>\n<meta name=\"twitter:card\" content=\"summary_large_image\" \/>\n<meta name=\"twitter:label1\" content=\"Est. tempo de leitura\" \/>\n\t<meta name=\"twitter:data1\" content=\"1 minuto\" \/>\n<script type=\"application\/ld+json\" class=\"yoast-schema-graph\">{\"@context\":\"https:\\\/\\\/schema.org\",\"@graph\":[{\"@type\":\"WebPage\",\"@id\":\"https:\\\/\\\/elegancestorearacatuba.com.br\\\/index.php\\\/product\\\/sandalia-clarice-branca\\\/\",\"url\":\"https:\\\/\\\/elegancestorearacatuba.com.br\\\/index.php\\\/product\\\/sandalia-clarice-branca\\\/\",\"name\":\"SANDALIA CLARICE BRANCA - Elegance Store\",\"isPartOf\":{\"@id\":\"https:\\\/\\\/elegancestorearacatuba.com.br\\\/#website\"},\"primaryImageOfPage\":{\"@id\":\"https:\\\/\\\/elegancestorearacatuba.com.br\\\/index.php\\\/product\\\/sandalia-clarice-branca\\\/#primaryimage\"},\"image\":{\"@id\":\"https:\\\/\\\/elegancestorearacatuba.com.br\\\/index.php\\\/product\\\/sandalia-clarice-branca\\\/#primaryimage\"},\"thumbnailUrl\":\"https:\\\/\\\/i0.wp.com\\\/elegancestorearacatuba.com.br\\\/wp-content\\\/uploads\\\/2025\\\/04\\\/WhatsApp-Image-2025-04-11-at-12.27.41.jpeg?fit=1200%2C1600&ssl=1\",\"datePublished\":\"2025-04-15T14:51:47+00:00\",\"dateModified\":\"2026-02-19T17:37:12+00:00\",\"breadcrumb\":{\"@id\":\"https:\\\/\\\/elegancestorearacatuba.com.br\\\/index.php\\\/product\\\/sandalia-clarice-branca\\\/#breadcrumb\"},\"inLanguage\":\"pt-BR\",\"potentialAction\":[{\"@type\":\"ReadAction\",\"target\":[\"https:\\\/\\\/elegancestorearacatuba.com.br\\\/index.php\\\/product\\\/sandalia-clarice-branca\\\/\"]}]},{\"@type\":\"ImageObject\",\"inLanguage\":\"pt-BR\",\"@id\":\"https:\\\/\\\/elegancestorearacatuba.com.br\\\/index.php\\\/product\\\/sandalia-clarice-branca\\\/#primaryimage\",\"url\":\"https:\\\/\\\/i0.wp.com\\\/elegancestorearacatuba.com.br\\\/wp-content\\\/uploads\\\/2025\\\/04\\\/WhatsApp-Image-2025-04-11-at-12.27.41.jpeg?fit=1200%2C1600&ssl=1\",\"contentUrl\":\"https:\\\/\\\/i0.wp.com\\\/elegancestorearacatuba.com.br\\\/wp-content\\\/uploads\\\/2025\\\/04\\\/WhatsApp-Image-2025-04-11-at-12.27.41.jpeg?fit=1200%2C1600&ssl=1\",\"width\":1200,\"height\":1600},{\"@type\":\"BreadcrumbList\",\"@id\":\"https:\\\/\\\/elegancestorearacatuba.com.br\\\/index.php\\\/product\\\/sandalia-clarice-branca\\\/#breadcrumb\",\"itemListElement\":[{\"@type\":\"ListItem\",\"position\":1,\"name\":\"In\u00edcio\",\"item\":\"https:\\\/\\\/elegancestorearacatuba.com.br\\\/\"},{\"@type\":\"ListItem\",\"position\":2,\"name\":\"Loja\",\"item\":\"https:\\\/\\\/elegancestorearacatuba.com.br\\\/index.php\\\/shop\\\/\"},{\"@type\":\"ListItem\",\"position\":3,\"name\":\"SANDALIA CLARICE BRANCA\"}]},{\"@type\":\"WebSite\",\"@id\":\"https:\\\/\\\/elegancestorearacatuba.com.br\\\/#website\",\"url\":\"https:\\\/\\\/elegancestorearacatuba.com.br\\\/\",\"name\":\"Elegance Store Ara\u00e7atuba\",\"description\":\"Do cl\u00e1ssico ao moderno com a qualidade da elegance\",\"publisher\":{\"@id\":\"https:\\\/\\\/elegancestorearacatuba.com.br\\\/#organization\"},\"potentialAction\":[{\"@type\":\"SearchAction\",\"target\":{\"@type\":\"EntryPoint\",\"urlTemplate\":\"https:\\\/\\\/elegancestorearacatuba.com.br\\\/?s={search_term_string}\"},\"query-input\":{\"@type\":\"PropertyValueSpecification\",\"valueRequired\":true,\"valueName\":\"search_term_string\"}}],\"inLanguage\":\"pt-BR\"},{\"@type\":\"Organization\",\"@id\":\"https:\\\/\\\/elegancestorearacatuba.com.br\\\/#organization\",\"name\":\"Elegance Store\",\"url\":\"https:\\\/\\\/elegancestorearacatuba.com.br\\\/\",\"logo\":{\"@type\":\"ImageObject\",\"inLanguage\":\"pt-BR\",\"@id\":\"https:\\\/\\\/elegancestorearacatuba.com.br\\\/#\\\/schema\\\/logo\\\/image\\\/\",\"url\":\"https:\\\/\\\/elegancestorearacatuba.com.br\\\/wp-content\\\/uploads\\\/2021\\\/02\\\/PHOTO-2020-12-05-10-47-49.jpg\",\"contentUrl\":\"https:\\\/\\\/elegancestorearacatuba.com.br\\\/wp-content\\\/uploads\\\/2021\\\/02\\\/PHOTO-2020-12-05-10-47-49.jpg\",\"width\":1240,\"height\":678,\"caption\":\"Elegance Store\"},\"image\":{\"@id\":\"https:\\\/\\\/elegancestorearacatuba.com.br\\\/#\\\/schema\\\/logo\\\/image\\\/\"},\"sameAs\":[\"https:\\\/\\\/www.facebook.com\\\/elegancestorearacatuba\\\/\",\"https:\\\/\\\/www.instagram.com\\\/elegancestorearacatuba\\\/\"]}]}<\/script>\n<!-- \/ Yoast SEO plugin. -->","yoast_head_json":{"title":"SANDALIA CLARICE BRANCA - Elegance Store","robots":{"index":"index","follow":"follow","max-snippet":"max-snippet:-1","max-image-preview":"max-image-preview:large","max-video-preview":"max-video-preview:-1"},"canonical":"https:\/\/elegancestorearacatuba.com.br\/index.php\/product\/sandalia-clarice-branca\/","og_locale":"pt_BR","og_type":"article","og_title":"SANDALIA CLARICE BRANCA - Elegance Store","og_description":"Branca, confort\u00e1vel, macia e cheia de estilo a sand\u00e1lia que abra\u00e7a seus p\u00e9s e eleva seu look! Porque conforto e","og_url":"https:\/\/elegancestorearacatuba.com.br\/index.php\/product\/sandalia-clarice-branca\/","og_site_name":"Elegance Store","article_publisher":"https:\/\/www.facebook.com\/elegancestorearacatuba\/","article_modified_time":"2026-02-19T17:37:12+00:00","og_image":[{"width":1200,"height":1600,"url":"https:\/\/elegancestorearacatuba.com.br\/wp-content\/uploads\/2025\/04\/WhatsApp-Image-2025-04-11-at-12.27.41.jpeg","type":"image\/jpeg"}],"twitter_card":"summary_large_image","twitter_misc":{"Est. tempo de leitura":"1 minuto"},"schema":{"@context":"https:\/\/schema.org","@graph":[{"@type":"WebPage","@id":"https:\/\/elegancestorearacatuba.com.br\/index.php\/product\/sandalia-clarice-branca\/","url":"https:\/\/elegancestorearacatuba.com.br\/index.php\/product\/sandalia-clarice-branca\/","name":"SANDALIA CLARICE BRANCA - Elegance Store","isPartOf":{"@id":"https:\/\/elegancestorearacatuba.com.br\/#website"},"primaryImageOfPage":{"@id":"https:\/\/elegancestorearacatuba.com.br\/index.php\/product\/sandalia-clarice-branca\/#primaryimage"},"image":{"@id":"https:\/\/elegancestorearacatuba.com.br\/index.php\/product\/sandalia-clarice-branca\/#primaryimage"},"thumbnailUrl":"https:\/\/i0.wp.com\/elegancestorearacatuba.com.br\/wp-content\/uploads\/2025\/04\/WhatsApp-Image-2025-04-11-at-12.27.41.jpeg?fit=1200%2C1600&ssl=1","datePublished":"2025-04-15T14:51:47+00:00","dateModified":"2026-02-19T17:37:12+00:00","breadcrumb":{"@id":"https:\/\/elegancestorearacatuba.com.br\/index.php\/product\/sandalia-clarice-branca\/#breadcrumb"},"inLanguage":"pt-BR","potentialAction":[{"@type":"ReadAction","target":["https:\/\/elegancestorearacatuba.com.br\/index.php\/product\/sandalia-clarice-branca\/"]}]},{"@type":"ImageObject","inLanguage":"pt-BR","@id":"https:\/\/elegancestorearacatuba.com.br\/index.php\/product\/sandalia-clarice-branca\/#primaryimage","url":"https:\/\/i0.wp.com\/elegancestorearacatuba.com.br\/wp-content\/uploads\/2025\/04\/WhatsApp-Image-2025-04-11-at-12.27.41.jpeg?fit=1200%2C1600&ssl=1","contentUrl":"https:\/\/i0.wp.com\/elegancestorearacatuba.com.br\/wp-content\/uploads\/2025\/04\/WhatsApp-Image-2025-04-11-at-12.27.41.jpeg?fit=1200%2C1600&ssl=1","width":1200,"height":1600},{"@type":"BreadcrumbList","@id":"https:\/\/elegancestorearacatuba.com.br\/index.php\/product\/sandalia-clarice-branca\/#breadcrumb","itemListElement":[{"@type":"ListItem","position":1,"name":"In\u00edcio","item":"https:\/\/elegancestorearacatuba.com.br\/"},{"@type":"ListItem","position":2,"name":"Loja","item":"https:\/\/elegancestorearacatuba.com.br\/index.php\/shop\/"},{"@type":"ListItem","position":3,"name":"SANDALIA CLARICE BRANCA"}]},{"@type":"WebSite","@id":"https:\/\/elegancestorearacatuba.com.br\/#website","url":"https:\/\/elegancestorearacatuba.com.br\/","name":"Elegance Store Ara\u00e7atuba","description":"Do cl\u00e1ssico ao moderno com a qualidade da elegance","publisher":{"@id":"https:\/\/elegancestorearacatuba.com.br\/#organization"},"potentialAction":[{"@type":"SearchAction","target":{"@type":"EntryPoint","urlTemplate":"https:\/\/elegancestorearacatuba.com.br\/?s={search_term_string}"},"query-input":{"@type":"PropertyValueSpecification","valueRequired":true,"valueName":"search_term_string"}}],"inLanguage":"pt-BR"},{"@type":"Organization","@id":"https:\/\/elegancestorearacatuba.com.br\/#organization","name":"Elegance Store","url":"https:\/\/elegancestorearacatuba.com.br\/","logo":{"@type":"ImageObject","inLanguage":"pt-BR","@id":"https:\/\/elegancestorearacatuba.com.br\/#\/schema\/logo\/image\/","url":"https:\/\/elegancestorearacatuba.com.br\/wp-content\/uploads\/2021\/02\/PHOTO-2020-12-05-10-47-49.jpg","contentUrl":"https:\/\/elegancestorearacatuba.com.br\/wp-content\/uploads\/2021\/02\/PHOTO-2020-12-05-10-47-49.jpg","width":1240,"height":678,"caption":"Elegance Store"},"image":{"@id":"https:\/\/elegancestorearacatuba.com.br\/#\/schema\/logo\/image\/"},"sameAs":["https:\/\/www.facebook.com\/elegancestorearacatuba\/","https:\/\/www.instagram.com\/elegancestorearacatuba\/"]}]}},"jetpack_sharing_enabled":true,"_links":{"self":[{"href":"https:\/\/elegancestorearacatuba.com.br\/index.php\/wp-json\/wp\/v2\/product\/22472","targetHints":{"allow":["GET"]}}],"collection":[{"href":"https:\/\/elegancestorearacatuba.com.br\/index.php\/wp-json\/wp\/v2\/product"}],"about":[{"href":"https:\/\/elegancestorearacatuba.com.br\/index.php\/wp-json\/wp\/v2\/types\/product"}],"replies":[{"embeddable":true,"href":"https:\/\/elegancestorearacatuba.com.br\/index.php\/wp-json\/wp\/v2\/comments?post=22472"}],"wp:featuredmedia":[{"embeddable":true,"href":"https:\/\/elegancestorearacatuba.com.br\/index.php\/wp-json\/wp\/v2\/media\/22480"}],"wp:attachment":[{"href":"https:\/\/elegancestorearacatuba.com.br\/index.php\/wp-json\/wp\/v2\/media?parent=22472"}],"wp:term":[{"taxonomy":"product_brand","embeddable":true,"href":"https:\/\/elegancestorearacatuba.com.br\/index.php\/wp-json\/wp\/v2\/product_brand?post=22472"},{"taxonomy":"product_cat","embeddable":true,"href":"https:\/\/elegancestorearacatuba.com.br\/index.php\/wp-json\/wp\/v2\/product_cat?post=22472"},{"taxonomy":"product_tag","embeddable":true,"href":"https:\/\/elegancestorearacatuba.com.br\/index.php\/wp-json\/wp\/v2\/product_tag?post=22472"}],"curies":[{"name":"wp","href":"https:\/\/api.w.org\/{rel}","templated":true}]}}