{"id":29655,"date":"2026-04-08T16:49:22","date_gmt":"2026-04-08T19:49:22","guid":{"rendered":"https:\/\/elegancestorearacatuba.com.br\/?post_type=product&#038;p=29655"},"modified":"2026-04-08T16:49:22","modified_gmt":"2026-04-08T19:49:22","slug":"bota-lara-rocha","status":"publish","type":"product","link":"https:\/\/elegancestorearacatuba.com.br\/index.php\/product\/bota-lara-rocha\/","title":{"rendered":"BOTA LARA ROCHA"},"content":{"rendered":"<p>Marcante, elegante e cheia de atitude \ud83d\udd25<br \/>\nA bota transforma qualquer look em uma produ\u00e7\u00e3o poderosa.<\/p>\n<p>Combine com vestidos, saias ou cal\u00e7as para composi\u00e7\u00f5es estilosas em dias mais frescos.<br \/>\nUm modelo que traz personalidade e presen\u00e7a em cada passo.<\/p>\n","protected":false},"excerpt":{"rendered":"<p>Marcante, elegante e cheia de atitude \ud83d\udd25 A bota transforma qualquer look em uma produ\u00e7\u00e3o poderosa. Combine com vestidos, saias<\/p>\n","protected":false},"featured_media":29638,"comment_status":"open","ping_status":"closed","template":"","meta":[],"product_brand":[],"product_cat":[217],"product_tag":[],"class_list":{"0":"post-29655","1":"product","2":"type-product","3":"status-publish","4":"has-post-thumbnail","6":"product_cat-botas","8":"first","9":"instock","10":"shipping-taxable","11":"purchasable","12":"product-type-variable"},"yoast_head":"<!-- This site is optimized with the Yoast SEO plugin v27.3 - https:\/\/yoast.com\/product\/yoast-seo-wordpress\/ -->\n<title>BOTA LARA ROCHA - Elegance Store<\/title>\n<meta name=\"robots\" content=\"index, follow, max-snippet:-1, max-image-preview:large, max-video-preview:-1\" \/>\n<link rel=\"canonical\" href=\"https:\/\/elegancestorearacatuba.com.br\/index.php\/product\/bota-lara-rocha\/\" \/>\n<meta property=\"og:locale\" content=\"pt_BR\" \/>\n<meta property=\"og:type\" content=\"article\" \/>\n<meta property=\"og:title\" content=\"BOTA LARA ROCHA - Elegance Store\" \/>\n<meta property=\"og:description\" content=\"Marcante, elegante e cheia de atitude \ud83d\udd25 A bota transforma qualquer look em uma produ\u00e7\u00e3o poderosa. Combine com vestidos, saias\" \/>\n<meta property=\"og:url\" content=\"https:\/\/elegancestorearacatuba.com.br\/index.php\/product\/bota-lara-rocha\/\" \/>\n<meta property=\"og:site_name\" content=\"Elegance Store\" \/>\n<meta property=\"article:publisher\" content=\"https:\/\/www.facebook.com\/elegancestorearacatuba\/\" \/>\n<meta property=\"og:image\" content=\"https:\/\/elegancestorearacatuba.com.br\/wp-content\/uploads\/2026\/04\/WhatsApp-Image-2026-04-02-at-12.33.14-2.jpeg\" \/>\n\t<meta property=\"og:image:width\" content=\"900\" \/>\n\t<meta property=\"og:image:height\" content=\"1600\" \/>\n\t<meta property=\"og:image:type\" content=\"image\/jpeg\" \/>\n<meta name=\"twitter:card\" content=\"summary_large_image\" \/>\n<meta name=\"twitter:label1\" content=\"Est. tempo de leitura\" \/>\n\t<meta name=\"twitter:data1\" content=\"1 minuto\" \/>\n<script type=\"application\/ld+json\" class=\"yoast-schema-graph\">{\"@context\":\"https:\\\/\\\/schema.org\",\"@graph\":[{\"@type\":\"WebPage\",\"@id\":\"https:\\\/\\\/elegancestorearacatuba.com.br\\\/index.php\\\/product\\\/bota-lara-rocha\\\/\",\"url\":\"https:\\\/\\\/elegancestorearacatuba.com.br\\\/index.php\\\/product\\\/bota-lara-rocha\\\/\",\"name\":\"BOTA LARA ROCHA - Elegance Store\",\"isPartOf\":{\"@id\":\"https:\\\/\\\/elegancestorearacatuba.com.br\\\/#website\"},\"primaryImageOfPage\":{\"@id\":\"https:\\\/\\\/elegancestorearacatuba.com.br\\\/index.php\\\/product\\\/bota-lara-rocha\\\/#primaryimage\"},\"image\":{\"@id\":\"https:\\\/\\\/elegancestorearacatuba.com.br\\\/index.php\\\/product\\\/bota-lara-rocha\\\/#primaryimage\"},\"thumbnailUrl\":\"https:\\\/\\\/i0.wp.com\\\/elegancestorearacatuba.com.br\\\/wp-content\\\/uploads\\\/2026\\\/04\\\/WhatsApp-Image-2026-04-02-at-12.33.14-2.jpeg?fit=900%2C1600&ssl=1\",\"datePublished\":\"2026-04-08T19:49:22+00:00\",\"breadcrumb\":{\"@id\":\"https:\\\/\\\/elegancestorearacatuba.com.br\\\/index.php\\\/product\\\/bota-lara-rocha\\\/#breadcrumb\"},\"inLanguage\":\"pt-BR\",\"potentialAction\":[{\"@type\":\"ReadAction\",\"target\":[\"https:\\\/\\\/elegancestorearacatuba.com.br\\\/index.php\\\/product\\\/bota-lara-rocha\\\/\"]}]},{\"@type\":\"ImageObject\",\"inLanguage\":\"pt-BR\",\"@id\":\"https:\\\/\\\/elegancestorearacatuba.com.br\\\/index.php\\\/product\\\/bota-lara-rocha\\\/#primaryimage\",\"url\":\"https:\\\/\\\/i0.wp.com\\\/elegancestorearacatuba.com.br\\\/wp-content\\\/uploads\\\/2026\\\/04\\\/WhatsApp-Image-2026-04-02-at-12.33.14-2.jpeg?fit=900%2C1600&ssl=1\",\"contentUrl\":\"https:\\\/\\\/i0.wp.com\\\/elegancestorearacatuba.com.br\\\/wp-content\\\/uploads\\\/2026\\\/04\\\/WhatsApp-Image-2026-04-02-at-12.33.14-2.jpeg?fit=900%2C1600&ssl=1\",\"width\":900,\"height\":1600},{\"@type\":\"BreadcrumbList\",\"@id\":\"https:\\\/\\\/elegancestorearacatuba.com.br\\\/index.php\\\/product\\\/bota-lara-rocha\\\/#breadcrumb\",\"itemListElement\":[{\"@type\":\"ListItem\",\"position\":1,\"name\":\"In\u00edcio\",\"item\":\"https:\\\/\\\/elegancestorearacatuba.com.br\\\/\"},{\"@type\":\"ListItem\",\"position\":2,\"name\":\"Loja\",\"item\":\"https:\\\/\\\/elegancestorearacatuba.com.br\\\/index.php\\\/shop\\\/\"},{\"@type\":\"ListItem\",\"position\":3,\"name\":\"BOTA LARA ROCHA\"}]},{\"@type\":\"WebSite\",\"@id\":\"https:\\\/\\\/elegancestorearacatuba.com.br\\\/#website\",\"url\":\"https:\\\/\\\/elegancestorearacatuba.com.br\\\/\",\"name\":\"Elegance Store Ara\u00e7atuba\",\"description\":\"Do cl\u00e1ssico ao moderno com a qualidade da elegance\",\"publisher\":{\"@id\":\"https:\\\/\\\/elegancestorearacatuba.com.br\\\/#organization\"},\"potentialAction\":[{\"@type\":\"SearchAction\",\"target\":{\"@type\":\"EntryPoint\",\"urlTemplate\":\"https:\\\/\\\/elegancestorearacatuba.com.br\\\/?s={search_term_string}\"},\"query-input\":{\"@type\":\"PropertyValueSpecification\",\"valueRequired\":true,\"valueName\":\"search_term_string\"}}],\"inLanguage\":\"pt-BR\"},{\"@type\":\"Organization\",\"@id\":\"https:\\\/\\\/elegancestorearacatuba.com.br\\\/#organization\",\"name\":\"Elegance Store\",\"url\":\"https:\\\/\\\/elegancestorearacatuba.com.br\\\/\",\"logo\":{\"@type\":\"ImageObject\",\"inLanguage\":\"pt-BR\",\"@id\":\"https:\\\/\\\/elegancestorearacatuba.com.br\\\/#\\\/schema\\\/logo\\\/image\\\/\",\"url\":\"https:\\\/\\\/elegancestorearacatuba.com.br\\\/wp-content\\\/uploads\\\/2021\\\/02\\\/PHOTO-2020-12-05-10-47-49.jpg\",\"contentUrl\":\"https:\\\/\\\/elegancestorearacatuba.com.br\\\/wp-content\\\/uploads\\\/2021\\\/02\\\/PHOTO-2020-12-05-10-47-49.jpg\",\"width\":1240,\"height\":678,\"caption\":\"Elegance Store\"},\"image\":{\"@id\":\"https:\\\/\\\/elegancestorearacatuba.com.br\\\/#\\\/schema\\\/logo\\\/image\\\/\"},\"sameAs\":[\"https:\\\/\\\/www.facebook.com\\\/elegancestorearacatuba\\\/\",\"https:\\\/\\\/www.instagram.com\\\/elegancestorearacatuba\\\/\"]}]}<\/script>\n<!-- \/ Yoast SEO plugin. -->","yoast_head_json":{"title":"BOTA LARA ROCHA - Elegance Store","robots":{"index":"index","follow":"follow","max-snippet":"max-snippet:-1","max-image-preview":"max-image-preview:large","max-video-preview":"max-video-preview:-1"},"canonical":"https:\/\/elegancestorearacatuba.com.br\/index.php\/product\/bota-lara-rocha\/","og_locale":"pt_BR","og_type":"article","og_title":"BOTA LARA ROCHA - Elegance Store","og_description":"Marcante, elegante e cheia de atitude \ud83d\udd25 A bota transforma qualquer look em uma produ\u00e7\u00e3o poderosa. Combine com vestidos, saias","og_url":"https:\/\/elegancestorearacatuba.com.br\/index.php\/product\/bota-lara-rocha\/","og_site_name":"Elegance Store","article_publisher":"https:\/\/www.facebook.com\/elegancestorearacatuba\/","og_image":[{"width":900,"height":1600,"url":"https:\/\/elegancestorearacatuba.com.br\/wp-content\/uploads\/2026\/04\/WhatsApp-Image-2026-04-02-at-12.33.14-2.jpeg","type":"image\/jpeg"}],"twitter_card":"summary_large_image","twitter_misc":{"Est. tempo de leitura":"1 minuto"},"schema":{"@context":"https:\/\/schema.org","@graph":[{"@type":"WebPage","@id":"https:\/\/elegancestorearacatuba.com.br\/index.php\/product\/bota-lara-rocha\/","url":"https:\/\/elegancestorearacatuba.com.br\/index.php\/product\/bota-lara-rocha\/","name":"BOTA LARA ROCHA - Elegance Store","isPartOf":{"@id":"https:\/\/elegancestorearacatuba.com.br\/#website"},"primaryImageOfPage":{"@id":"https:\/\/elegancestorearacatuba.com.br\/index.php\/product\/bota-lara-rocha\/#primaryimage"},"image":{"@id":"https:\/\/elegancestorearacatuba.com.br\/index.php\/product\/bota-lara-rocha\/#primaryimage"},"thumbnailUrl":"https:\/\/i0.wp.com\/elegancestorearacatuba.com.br\/wp-content\/uploads\/2026\/04\/WhatsApp-Image-2026-04-02-at-12.33.14-2.jpeg?fit=900%2C1600&ssl=1","datePublished":"2026-04-08T19:49:22+00:00","breadcrumb":{"@id":"https:\/\/elegancestorearacatuba.com.br\/index.php\/product\/bota-lara-rocha\/#breadcrumb"},"inLanguage":"pt-BR","potentialAction":[{"@type":"ReadAction","target":["https:\/\/elegancestorearacatuba.com.br\/index.php\/product\/bota-lara-rocha\/"]}]},{"@type":"ImageObject","inLanguage":"pt-BR","@id":"https:\/\/elegancestorearacatuba.com.br\/index.php\/product\/bota-lara-rocha\/#primaryimage","url":"https:\/\/i0.wp.com\/elegancestorearacatuba.com.br\/wp-content\/uploads\/2026\/04\/WhatsApp-Image-2026-04-02-at-12.33.14-2.jpeg?fit=900%2C1600&ssl=1","contentUrl":"https:\/\/i0.wp.com\/elegancestorearacatuba.com.br\/wp-content\/uploads\/2026\/04\/WhatsApp-Image-2026-04-02-at-12.33.14-2.jpeg?fit=900%2C1600&ssl=1","width":900,"height":1600},{"@type":"BreadcrumbList","@id":"https:\/\/elegancestorearacatuba.com.br\/index.php\/product\/bota-lara-rocha\/#breadcrumb","itemListElement":[{"@type":"ListItem","position":1,"name":"In\u00edcio","item":"https:\/\/elegancestorearacatuba.com.br\/"},{"@type":"ListItem","position":2,"name":"Loja","item":"https:\/\/elegancestorearacatuba.com.br\/index.php\/shop\/"},{"@type":"ListItem","position":3,"name":"BOTA LARA ROCHA"}]},{"@type":"WebSite","@id":"https:\/\/elegancestorearacatuba.com.br\/#website","url":"https:\/\/elegancestorearacatuba.com.br\/","name":"Elegance Store Ara\u00e7atuba","description":"Do cl\u00e1ssico ao moderno com a qualidade da elegance","publisher":{"@id":"https:\/\/elegancestorearacatuba.com.br\/#organization"},"potentialAction":[{"@type":"SearchAction","target":{"@type":"EntryPoint","urlTemplate":"https:\/\/elegancestorearacatuba.com.br\/?s={search_term_string}"},"query-input":{"@type":"PropertyValueSpecification","valueRequired":true,"valueName":"search_term_string"}}],"inLanguage":"pt-BR"},{"@type":"Organization","@id":"https:\/\/elegancestorearacatuba.com.br\/#organization","name":"Elegance Store","url":"https:\/\/elegancestorearacatuba.com.br\/","logo":{"@type":"ImageObject","inLanguage":"pt-BR","@id":"https:\/\/elegancestorearacatuba.com.br\/#\/schema\/logo\/image\/","url":"https:\/\/elegancestorearacatuba.com.br\/wp-content\/uploads\/2021\/02\/PHOTO-2020-12-05-10-47-49.jpg","contentUrl":"https:\/\/elegancestorearacatuba.com.br\/wp-content\/uploads\/2021\/02\/PHOTO-2020-12-05-10-47-49.jpg","width":1240,"height":678,"caption":"Elegance Store"},"image":{"@id":"https:\/\/elegancestorearacatuba.com.br\/#\/schema\/logo\/image\/"},"sameAs":["https:\/\/www.facebook.com\/elegancestorearacatuba\/","https:\/\/www.instagram.com\/elegancestorearacatuba\/"]}]}},"jetpack_sharing_enabled":true,"_links":{"self":[{"href":"https:\/\/elegancestorearacatuba.com.br\/index.php\/wp-json\/wp\/v2\/product\/29655","targetHints":{"allow":["GET"]}}],"collection":[{"href":"https:\/\/elegancestorearacatuba.com.br\/index.php\/wp-json\/wp\/v2\/product"}],"about":[{"href":"https:\/\/elegancestorearacatuba.com.br\/index.php\/wp-json\/wp\/v2\/types\/product"}],"replies":[{"embeddable":true,"href":"https:\/\/elegancestorearacatuba.com.br\/index.php\/wp-json\/wp\/v2\/comments?post=29655"}],"wp:featuredmedia":[{"embeddable":true,"href":"https:\/\/elegancestorearacatuba.com.br\/index.php\/wp-json\/wp\/v2\/media\/29638"}],"wp:attachment":[{"href":"https:\/\/elegancestorearacatuba.com.br\/index.php\/wp-json\/wp\/v2\/media?parent=29655"}],"wp:term":[{"taxonomy":"product_brand","embeddable":true,"href":"https:\/\/elegancestorearacatuba.com.br\/index.php\/wp-json\/wp\/v2\/product_brand?post=29655"},{"taxonomy":"product_cat","embeddable":true,"href":"https:\/\/elegancestorearacatuba.com.br\/index.php\/wp-json\/wp\/v2\/product_cat?post=29655"},{"taxonomy":"product_tag","embeddable":true,"href":"https:\/\/elegancestorearacatuba.com.br\/index.php\/wp-json\/wp\/v2\/product_tag?post=29655"}],"curies":[{"name":"wp","href":"https:\/\/api.w.org\/{rel}","templated":true}]}}